{"id":7,"date":"2016-09-15T10:13:29","date_gmt":"2016-09-15T10:13:29","guid":{"rendered":"http:\/\/wp.interalfombra.com\/?page_id=7"},"modified":"2016-09-15T13:43:02","modified_gmt":"2016-09-15T13:43:02","slug":"restauracion-de-alfombras","status":"publish","type":"page","link":"https:\/\/www.interalfombra.es\/?page_id=7","title":{"rendered":"Restauraci\u00f3n de Alfombras"},"content":{"rendered":"<div>\n<p>En nuestro taller podr\u00e1s a\u00f1adir o sustituir los flecos a tus alfombras, as\u00ed como ribetear los bordes o recortar el tama\u00f1o de tu alfombra.<\/p>\n<p><!--more--><\/p>\n<p>Las mascotas son grandes compa\u00f1eras en el hogar pero muchas veces las alfombras son objetivo de sus travesuras. Nuestros artesanos repararan las zonas da\u00f1adas para devolverlas a su estado original.<\/p>\n<p>Si deseas recibir un presupuesto de restauraci\u00f3n rellena el siguiente formulario y nos pondremos en contacto contigo lo antes posible.<\/p>\n<\/div>\n<p>&nbsp;<\/p>\n<p>&nbsp;<\/p>\n<p>&nbsp;<\/p>\n","protected":false},"excerpt":{"rendered":"<p>En nuestro taller podr\u00e1s a\u00f1adir o sustituir los flecos a tus alfombras, as\u00ed como ribetear los bordes o recortar el tama\u00f1o de tu alfombra.<\/p>\n","protected":false},"author":1,"featured_media":27,"parent":0,"menu_order":0,"comment_status":"closed","ping_status":"closed","template":"","meta":{"footnotes":""},"class_list":["post-7","page","type-page","status-publish","has-post-thumbnail","hentry"],"_links":{"self":[{"href":"https:\/\/www.interalfombra.es\/index.php?rest_route=\/wp\/v2\/pages\/7","targetHints":{"allow":["GET"]}}],"collection":[{"href":"https:\/\/www.interalfombra.es\/index.php?rest_route=\/wp\/v2\/pages"}],"about":[{"href":"https:\/\/www.interalfombra.es\/index.php?rest_route=\/wp\/v2\/types\/page"}],"author":[{"embeddable":true,"href":"https:\/\/www.interalfombra.es\/index.php?rest_route=\/wp\/v2\/users\/1"}],"replies":[{"embeddable":true,"href":"https:\/\/www.interalfombra.es\/index.php?rest_route=%2Fwp%2Fv2%2Fcomments&post=7"}],"version-history":[{"count":3,"href":"https:\/\/www.interalfombra.es\/index.php?rest_route=\/wp\/v2\/pages\/7\/revisions"}],"predecessor-version":[{"id":64,"href":"https:\/\/www.interalfombra.es\/index.php?rest_route=\/wp\/v2\/pages\/7\/revisions\/64"}],"wp:featuredmedia":[{"embeddable":true,"href":"https:\/\/www.interalfombra.es\/index.php?rest_route=\/wp\/v2\/media\/27"}],"wp:attachment":[{"href":"https:\/\/www.interalfombra.es\/index.php?rest_route=%2Fwp%2Fv2%2Fmedia&parent=7"}],"curies":[{"name":"wp","href":"https:\/\/api.w.org\/{rel}","templated":true}]}}