{"id":57,"date":"2016-09-15T12:28:05","date_gmt":"2016-09-15T12:28:05","guid":{"rendered":"http:\/\/wp.interalfombra.com\/?page_id=57"},"modified":"2016-09-15T13:43:30","modified_gmt":"2016-09-15T13:43:30","slug":"servicio-a-domicilio","status":"publish","type":"page","link":"https:\/\/www.interalfombra.es\/?page_id=57","title":{"rendered":"Servicio a Domicilio"},"content":{"rendered":"<p>Disponemos de servicio de recogida a domicilio en Madrid y en Barcelona.<!--more--><\/p>\n<p> Contamos tambi\u00e9n con una amplia red de tintorer\u00edas colaboradoras a trav\u00e9s de las que ofrecemos nuestros servicios de limpieza. Recuerda buscar el distintivo de Interalfombra para asegurarte que tu alfombra recibir\u00e1 el mejor trato.<\/p>\n","protected":false},"excerpt":{"rendered":"<p>Disponemos de servicio de recogida a domicilio en Madrid y en Barcelona.<\/p>\n","protected":false},"author":1,"featured_media":59,"parent":4,"menu_order":0,"comment_status":"closed","ping_status":"closed","template":"page-templates\/template-team.php","meta":{"footnotes":""},"class_list":["post-57","page","type-page","status-publish","has-post-thumbnail","hentry"],"_links":{"self":[{"href":"https:\/\/www.interalfombra.es\/index.php?rest_route=\/wp\/v2\/pages\/57","targetHints":{"allow":["GET"]}}],"collection":[{"href":"https:\/\/www.interalfombra.es\/index.php?rest_route=\/wp\/v2\/pages"}],"about":[{"href":"https:\/\/www.interalfombra.es\/index.php?rest_route=\/wp\/v2\/types\/page"}],"author":[{"embeddable":true,"href":"https:\/\/www.interalfombra.es\/index.php?rest_route=\/wp\/v2\/users\/1"}],"replies":[{"embeddable":true,"href":"https:\/\/www.interalfombra.es\/index.php?rest_route=%2Fwp%2Fv2%2Fcomments&post=57"}],"version-history":[{"count":4,"href":"https:\/\/www.interalfombra.es\/index.php?rest_route=\/wp\/v2\/pages\/57\/revisions"}],"predecessor-version":[{"id":65,"href":"https:\/\/www.interalfombra.es\/index.php?rest_route=\/wp\/v2\/pages\/57\/revisions\/65"}],"up":[{"embeddable":true,"href":"https:\/\/www.interalfombra.es\/index.php?rest_route=\/wp\/v2\/pages\/4"}],"wp:featuredmedia":[{"embeddable":true,"href":"https:\/\/www.interalfombra.es\/index.php?rest_route=\/wp\/v2\/media\/59"}],"wp:attachment":[{"href":"https:\/\/www.interalfombra.es\/index.php?rest_route=%2Fwp%2Fv2%2Fmedia&parent=57"}],"curies":[{"name":"wp","href":"https:\/\/api.w.org\/{rel}","templated":true}]}}