{"id":4,"date":"2016-09-15T10:12:48","date_gmt":"2016-09-15T10:12:48","guid":{"rendered":"http:\/\/wp.interalfombra.com\/?page_id=4"},"modified":"2017-07-13T16:44:57","modified_gmt":"2017-07-13T16:44:57","slug":"limpieza","status":"publish","type":"page","link":"https:\/\/www.interalfombra.es\/?page_id=4","title":{"rendered":"Limpieza de Alfombras"},"content":{"rendered":"<div>\n<p>En Interalfombra llevamos m\u00e1s de 40 a\u00f1os cuidando de tus alfombras. Nuestro saber hacer y nuestra profesionalidad en la limpieza, restauraci\u00f3n y conservaci\u00f3n nos han convertido en la empresa l\u00edder en Espa\u00f1a en limpieza de alfombras y la m\u00e1s grande de Europa.\u00a0Nuestra calidad en la limpieza de alfombras est\u00e1 sustentada por la tecnolog\u00eda m\u00e1s avanzada del sector y monitorizada por los controles inform\u00e1ticos m\u00e1s avanzados, que nos permiten localizar tu alfombra en cada paso del proceso. Adem\u00e1s de contar con maquinaria especializada para garantizar la limpieza mas profunda, disponemos de los secaderos en continuo m\u00e1s grandes de Europa y 1.000 m2 dedicados al secado al aire para alfombras muy delicadas.<\/p>\n<p>Disponemos de servicio de recogida a domicilio en Madrid y en Barcelona. Contamos tambi\u00e9n con una amplia red de tintorer\u00edas colaboradoras a trav\u00e9s de las que ofrecemos nuestros servicios de limpieza. Recuerda buscar el distintivo de Interalfombra para asegurarte que tu alfombra recibir\u00e1 el mejor trato.<\/p>\n<p>Si deseas ver un videorreportaje realizado por Madrid Directo en Telemadrid detallando nuestro proceso de produccion haz clic\u00a0<a title=\"Videorreportaje Telemadrid\" href=\"http:\/\/www.interalfombra.es\/index.php\/10-reportaje-de-telemadrid\">aqu\u00ed<\/a>.<\/p>\n<\/div>\n","protected":false},"excerpt":{"rendered":"<p>En Interalfombra llevamos m\u00e1s de 40 a\u00f1os cuidando de tus alfombras. Nuestro saber hacer y nuestra profesionalidad en la limpieza, restauraci\u00f3n y conservaci\u00f3n nos han<\/p>\n","protected":false},"author":1,"featured_media":24,"parent":0,"menu_order":0,"comment_status":"closed","ping_status":"closed","template":"","meta":{"footnotes":""},"class_list":["post-4","page","type-page","status-publish","has-post-thumbnail","hentry"],"_links":{"self":[{"href":"https:\/\/www.interalfombra.es\/index.php?rest_route=\/wp\/v2\/pages\/4","targetHints":{"allow":["GET"]}}],"collection":[{"href":"https:\/\/www.interalfombra.es\/index.php?rest_route=\/wp\/v2\/pages"}],"about":[{"href":"https:\/\/www.interalfombra.es\/index.php?rest_route=\/wp\/v2\/types\/page"}],"author":[{"embeddable":true,"href":"https:\/\/www.interalfombra.es\/index.php?rest_route=\/wp\/v2\/users\/1"}],"replies":[{"embeddable":true,"href":"https:\/\/www.interalfombra.es\/index.php?rest_route=%2Fwp%2Fv2%2Fcomments&post=4"}],"version-history":[{"count":3,"href":"https:\/\/www.interalfombra.es\/index.php?rest_route=\/wp\/v2\/pages\/4\/revisions"}],"predecessor-version":[{"id":72,"href":"https:\/\/www.interalfombra.es\/index.php?rest_route=\/wp\/v2\/pages\/4\/revisions\/72"}],"wp:featuredmedia":[{"embeddable":true,"href":"https:\/\/www.interalfombra.es\/index.php?rest_route=\/wp\/v2\/media\/24"}],"wp:attachment":[{"href":"https:\/\/www.interalfombra.es\/index.php?rest_route=%2Fwp%2Fv2%2Fmedia&parent=4"}],"curies":[{"name":"wp","href":"https:\/\/api.w.org\/{rel}","templated":true}]}}