{"id":38,"date":"2016-09-15T11:17:08","date_gmt":"2016-09-15T11:17:08","guid":{"rendered":"http:\/\/wp.interalfombra.com\/?page_id=38"},"modified":"2016-09-15T13:44:11","modified_gmt":"2016-09-15T13:44:11","slug":"compromiso-medioambiental","status":"publish","type":"page","link":"https:\/\/www.interalfombra.es\/?page_id=38","title":{"rendered":"Compromiso Medioambiental"},"content":{"rendered":"<p>Tendemos una mano a la naturaleza utilizando\u00a0jabones biodegradables con anti-espuma y anti-contaminantes.<!--more--><\/p>\n<p>Adem\u00e1s disponemos de una planta depuradora que nos asegura el correcto tratamiento del agua que utilizamos. Unimos as\u00ed la m\u00e1s alta calidad de servicio a nuestros clientes con nuestro compromiso con el medio ambiente.<\/p>\n","protected":false},"excerpt":{"rendered":"<p>Tendemos una mano a la naturaleza utilizando\u00a0jabones biodegradables con anti-espuma y anti-contaminantes.<\/p>\n","protected":false},"author":1,"featured_media":48,"parent":4,"menu_order":1,"comment_status":"closed","ping_status":"closed","template":"page-templates\/template-team.php","meta":{"footnotes":""},"class_list":["post-38","page","type-page","status-publish","has-post-thumbnail","hentry"],"_links":{"self":[{"href":"https:\/\/www.interalfombra.es\/index.php?rest_route=\/wp\/v2\/pages\/38","targetHints":{"allow":["GET"]}}],"collection":[{"href":"https:\/\/www.interalfombra.es\/index.php?rest_route=\/wp\/v2\/pages"}],"about":[{"href":"https:\/\/www.interalfombra.es\/index.php?rest_route=\/wp\/v2\/types\/page"}],"author":[{"embeddable":true,"href":"https:\/\/www.interalfombra.es\/index.php?rest_route=\/wp\/v2\/users\/1"}],"replies":[{"embeddable":true,"href":"https:\/\/www.interalfombra.es\/index.php?rest_route=%2Fwp%2Fv2%2Fcomments&post=38"}],"version-history":[{"count":4,"href":"https:\/\/www.interalfombra.es\/index.php?rest_route=\/wp\/v2\/pages\/38\/revisions"}],"predecessor-version":[{"id":66,"href":"https:\/\/www.interalfombra.es\/index.php?rest_route=\/wp\/v2\/pages\/38\/revisions\/66"}],"up":[{"embeddable":true,"href":"https:\/\/www.interalfombra.es\/index.php?rest_route=\/wp\/v2\/pages\/4"}],"wp:featuredmedia":[{"embeddable":true,"href":"https:\/\/www.interalfombra.es\/index.php?rest_route=\/wp\/v2\/media\/48"}],"wp:attachment":[{"href":"https:\/\/www.interalfombra.es\/index.php?rest_route=%2Fwp%2Fv2%2Fmedia&parent=38"}],"curies":[{"name":"wp","href":"https:\/\/api.w.org\/{rel}","templated":true}]}}