{"id":11,"date":"2016-09-15T10:14:23","date_gmt":"2016-09-15T10:14:23","guid":{"rendered":"http:\/\/wp.interalfombra.com\/?page_id=11"},"modified":"2016-09-15T13:44:38","modified_gmt":"2016-09-15T13:44:38","slug":"consejos-de-limpieza","status":"publish","type":"page","link":"https:\/\/www.interalfombra.es\/?page_id=11","title":{"rendered":"Consejos de Limpieza"},"content":{"rendered":"<p>A continuaci\u00f3n te damos unos peque\u00f1os consejos de como actuar en caso de que tu alfombra sufra alg\u00fan percance.<!--more--><\/p>\n<ul>\n<li>En cuanto caiga una mancha en tu alfombra act\u00faa de inmediato, no dejes nunca que se seque.<\/li>\n<li>Los l\u00edquidos se secan primero con papel absorbente blanco, los s\u00f3lidos se pueden recoger con una cuchara.<\/li>\n<li>Limpia las manchas desde el borde hacia el interior para que no se extiendan.<\/li>\n<li>No frotes nunca ya que producen deformaciones y la mancha se expandir\u00e1.<\/li>\n<li>No mojes mucho la alfombra. Si se mojara, s\u00e9cala bien para evitar que se pudra y desti\u00f1a.<\/li>\n<li>Pon una toalla debajo de la alfombra para que absorba el exceso de agua en caso que lo hubiese.<\/li>\n<li>Aplica un poco de espuma de jab\u00f3n con agua fr\u00eda, nunca utilices productos dom\u00e9sticos como el amoniaco.<\/li>\n<li>Cepilla suavemente la zona que estuvo manchada.<\/li>\n<li>Si la mancha persiste llama a un profesional a la mayor brevedad e indica el origen de la mancha.<\/li>\n<li>Para mantener la higiene en tu casa env\u00eda tu alfombra a limpiar por un profesional al menos 1 vez al a\u00f1o.<\/li>\n<li>Restaura tu alfombra en cuanto detectes un roto, evitaras que se rompa m\u00e1s y el arreglo sea m\u00e1s costoso.<\/li>\n<li>Si tu alfombra se ve atacada por polilla s\u00f3lo con la limpieza profesional acabaras completamente con el problema.<\/li>\n<li>Guarda tus alfombras en lugares secos y limpios o pide a un profesional que la conserve, contamos con los sistemas, los seguros y el control de plagas necesarios para mantenerlas en perfecto estado y sin riesgos.<\/li>\n<\/ul>\n","protected":false},"excerpt":{"rendered":"<p>A continuaci\u00f3n te damos unos peque\u00f1os consejos de como actuar en caso de que tu alfombra sufra alg\u00fan percance.<\/p>\n","protected":false},"author":1,"featured_media":26,"parent":4,"menu_order":2,"comment_status":"closed","ping_status":"closed","template":"page-templates\/template-team.php","meta":{"footnotes":""},"class_list":["post-11","page","type-page","status-publish","has-post-thumbnail","hentry"],"_links":{"self":[{"href":"https:\/\/www.interalfombra.es\/index.php?rest_route=\/wp\/v2\/pages\/11","targetHints":{"allow":["GET"]}}],"collection":[{"href":"https:\/\/www.interalfombra.es\/index.php?rest_route=\/wp\/v2\/pages"}],"about":[{"href":"https:\/\/www.interalfombra.es\/index.php?rest_route=\/wp\/v2\/types\/page"}],"author":[{"embeddable":true,"href":"https:\/\/www.interalfombra.es\/index.php?rest_route=\/wp\/v2\/users\/1"}],"replies":[{"embeddable":true,"href":"https:\/\/www.interalfombra.es\/index.php?rest_route=%2Fwp%2Fv2%2Fcomments&post=11"}],"version-history":[{"count":3,"href":"https:\/\/www.interalfombra.es\/index.php?rest_route=\/wp\/v2\/pages\/11\/revisions"}],"predecessor-version":[{"id":67,"href":"https:\/\/www.interalfombra.es\/index.php?rest_route=\/wp\/v2\/pages\/11\/revisions\/67"}],"up":[{"embeddable":true,"href":"https:\/\/www.interalfombra.es\/index.php?rest_route=\/wp\/v2\/pages\/4"}],"wp:featuredmedia":[{"embeddable":true,"href":"https:\/\/www.interalfombra.es\/index.php?rest_route=\/wp\/v2\/media\/26"}],"wp:attachment":[{"href":"https:\/\/www.interalfombra.es\/index.php?rest_route=%2Fwp%2Fv2%2Fmedia&parent=11"}],"curies":[{"name":"wp","href":"https:\/\/api.w.org\/{rel}","templated":true}]}}